{"id":3,"date":"2025-09-30T08:36:03","date_gmt":"2025-09-30T06:36:03","guid":{"rendered":"https:\/\/1procentproject.pl\/?page_id=3"},"modified":"2025-10-12T12:24:09","modified_gmt":"2025-10-12T10:24:09","slug":"polityka-prywatnosci","status":"publish","type":"page","link":"https:\/\/1procentproject.pl\/?page_id=3","title":{"rendered":"Polityka prywatno\u015bci"},"content":{"rendered":"\t\t<div data-elementor-type=\"wp-page\" data-elementor-id=\"3\" class=\"elementor elementor-3\" data-elementor-post-type=\"page\">\n\t\t\t\t<div class=\"elementor-element elementor-element-54783c16 e-con-full e-flex e-con e-parent\" data-id=\"54783c16\" data-element_type=\"container\">\n\t\t\t\t<div class=\"elementor-element elementor-element-a3031e9 elementor-widget elementor-widget-heading\" data-id=\"a3031e9\" data-element_type=\"widget\" data-widget_type=\"heading.default\">\n\t\t\t\t\t<h2 class=\"elementor-heading-title elementor-size-default\">POLITYKA PRYWATNO\u015aCI<\/h2>\t\t\t\t<\/div>\n\t\t\t\t<div class=\"elementor-element elementor-element-53a65727 elementor-widget__width-inherit elementor-widget elementor-widget-text-editor\" data-id=\"53a65727\" data-element_type=\"widget\" data-widget_type=\"text-editor.default\">\n\t\t\t\t\t\t\t\t\t<h2 data-start=\"182\" data-end=\"204\">\u00a71. Wprowadzenie<\/h2><p data-start=\"205\" data-end=\"490\">Niniejsza Polityka Prywatno\u015bci opisuje, w jaki spos\u00f3b sklep internetowy <em><strong data-start=\"277\" data-end=\"299\">1procentproject.pl<\/strong><\/em> przetwarza i chroni dane osobowe Klient\u00f3w. Dokument zosta\u0142 sporz\u0105dzony zgodnie z <em><strong data-start=\"381\" data-end=\"389\">RODO<\/strong> <\/em>(Rozporz\u0105dzenie UE 2016\/679) oraz polsk\u0105 ustaw\u0105 o ochronie danych osobowych z dnia 10 maja 2018 r.<\/p><h2 data-start=\"492\" data-end=\"532\">\u00a72. Administrator Danych Osobowych<\/h2><p data-start=\"533\" data-end=\"766\">Administratorem danych osobowych jest:<br data-start=\"571\" data-end=\"574\" \/><em><strong data-start=\"574\" data-end=\"596\">Olaf Wojciechowski<\/strong>,<\/em> prowadz\u0105cy sprzeda\u017c w ramach dzia\u0142alno\u015bci nierejestrowanej<br data-start=\"656\" data-end=\"659\" \/>Adres: <em><strong>ul. T. Ko\u015bciuszki 42, 26-220 St\u0105pork\u00f3w<\/strong><\/em><br data-start=\"704\" data-end=\"707\" \/>E-mail: <em><strong>kontakt@1procentproject.pl<\/strong><\/em><br data-start=\"741\" data-end=\"744\" \/>Telefon: <em><strong>789 825 788<\/strong><\/em><\/p><h2 data-start=\"768\" data-end=\"812\">\u00a73. Zakres zbieranych danych osobowych<\/h2><p data-start=\"813\" data-end=\"891\">W ramach dzia\u0142alno\u015bci Sklepu przetwarzane mog\u0105 by\u0107 nast\u0119puj\u0105ce dane Klienta:<\/p><ul data-start=\"892\" data-end=\"1159\"><li data-start=\"892\" data-end=\"912\"><p data-start=\"894\" data-end=\"912\">imi\u0119 i nazwisko,<\/p><\/li><li data-start=\"913\" data-end=\"930\"><p data-start=\"915\" data-end=\"930\">adres e-mail,<\/p><\/li><li data-start=\"931\" data-end=\"1028\"><p data-start=\"933\" data-end=\"1028\">dane dotycz\u0105ce p\u0142atno\u015bci (przekazywane operatorowi Stripe lub w przypadku przelewu w\u0142asnego),<\/p><\/li><li data-start=\"1029\" data-end=\"1081\"><p data-start=\"1031\" data-end=\"1081\">ewentualne dane do wystawienia rachunku\/faktury,<\/p><\/li><li data-start=\"1082\" data-end=\"1159\"><p data-start=\"1084\" data-end=\"1159\">adres IP (automatycznie gromadzony w celach bezpiecze\u0144stwa i statystyki).<\/p><\/li><\/ul><h2 data-start=\"1161\" data-end=\"1214\">\u00a74. Cele i podstawy prawne przetwarzania danych<\/h2><p data-start=\"1215\" data-end=\"1278\">Dane osobowe Klient\u00f3w przetwarzane s\u0105 w nast\u0119puj\u0105cych celach:<\/p><ol data-start=\"1279\" data-end=\"1767\"><li data-start=\"1279\" data-end=\"1374\"><p data-start=\"1282\" data-end=\"1374\"><strong data-start=\"1282\" data-end=\"1305\">Realizacja zam\u00f3wie\u0144<\/strong> produkt\u00f3w cyfrowych (ebooki, planery) \u2013 art. 6 ust. 1 lit. b RODO.<\/p><\/li><li data-start=\"1375\" data-end=\"1464\"><p data-start=\"1378\" data-end=\"1464\"><strong data-start=\"1378\" data-end=\"1399\">Obs\u0142uga p\u0142atno\u015bci<\/strong> poprzez Stripe lub przelew w\u0142asny \u2013 art. 6 ust. 1 lit. b RODO.<\/p><\/li><li data-start=\"1465\" data-end=\"1576\"><p data-start=\"1468\" data-end=\"1576\"><strong data-start=\"1468\" data-end=\"1490\">Kontakt z Klientem<\/strong> w sprawach zwi\u0105zanych z zam\u00f3wieniem lub reklamacj\u0105 \u2013 art. 6 ust. 1 lit. b i f RODO.<\/p><\/li><li data-start=\"1577\" data-end=\"1664\"><p data-start=\"1580\" data-end=\"1664\"><strong data-start=\"1580\" data-end=\"1615\">Wype\u0142nienie obowi\u0105zk\u00f3w prawnych<\/strong> (np. podatkowych) \u2013 art. 6 ust. 1 lit. c RODO.<\/p><\/li><li data-start=\"1665\" data-end=\"1767\"><p data-start=\"1668\" data-end=\"1767\"><strong data-start=\"1668\" data-end=\"1709\">Analiza ruchu i funkcjonowania strony<\/strong> za pomoc\u0105 Google Analytics \u2013 art. 6 ust. 1 lit. f RODO.<\/p><\/li><\/ol><p data-start=\"1769\" data-end=\"1854\">Dane nie s\u0105 wykorzystywane do profilowania ani automatycznego podejmowania decyzji.<\/p><h2 data-start=\"1856\" data-end=\"1891\">\u00a75. Odbiorcy danych osobowych<\/h2><p data-start=\"1892\" data-end=\"1939\">Dane osobowe mog\u0105 by\u0107 przekazywane wy\u0142\u0105cznie:<\/p><ul data-start=\"1940\" data-end=\"2189\"><li data-start=\"1940\" data-end=\"1973\"><p data-start=\"1942\" data-end=\"1973\">operatorowi p\u0142atno\u015bci <em><strong>Stripe<\/strong><\/em>,<\/p><\/li><li data-start=\"1974\" data-end=\"2039\"><p data-start=\"1976\" data-end=\"2039\">dostawcy hostingu<em><strong> LH.pl<\/strong><\/em> (utrzymanie serwera i poczty e-mail),<\/p><\/li><li data-start=\"2109\" data-end=\"2189\"><p data-start=\"2111\" data-end=\"2189\">organom publicznym \u2013 wy\u0142\u0105cznie, gdy obowi\u0105zek taki wynika z przepis\u00f3w prawa.<\/p><\/li><\/ul><p data-start=\"2191\" data-end=\"2377\">Administrator nie przekazuje danych poza Europejski Obszar Gospodarczy (EOG), chyba \u017ce jest to konieczne dla realizacji p\u0142atno\u015bci Stripe, w\u00f3wczas odbywa si\u0119 to zgodnie z wymogami RODO.<\/p><h2 data-start=\"2379\" data-end=\"2416\">\u00a76. Okres przechowywania danych<\/h2><ul data-start=\"2417\" data-end=\"2731\"><li data-start=\"2417\" data-end=\"2537\"><p data-start=\"2419\" data-end=\"2537\">Dane dotycz\u0105ce zam\u00f3wie\u0144 i p\u0142atno\u015bci \u2013 przez okres wymagany przepisami podatkowymi (5 lat od ko\u0144ca roku podatkowego).<\/p><\/li><li data-start=\"2538\" data-end=\"2622\"><p data-start=\"2540\" data-end=\"2622\">Dane niezb\u0119dne do kontaktu i obs\u0142ugi reklamacji \u2013 do momentu zako\u0144czenia sprawy.<\/p><\/li><li data-start=\"2623\" data-end=\"2731\"><p data-start=\"2625\" data-end=\"2731\">Dane techniczne (np. logi, adresy IP) \u2013 do 12 miesi\u0119cy w celach bezpiecze\u0144stwa i analizy b\u0142\u0119d\u00f3w serwisu.<\/p><\/li><\/ul><h2 data-start=\"2733\" data-end=\"2756\">\u00a77. Prawa Klienta<\/h2><p data-start=\"2757\" data-end=\"2784\">Ka\u017cdy Klient ma prawo do:<\/p><ul data-start=\"2785\" data-end=\"3106\"><li data-start=\"2785\" data-end=\"2824\"><p data-start=\"2787\" data-end=\"2824\">dost\u0119pu do swoich danych osobowych,<\/p><\/li><li data-start=\"2825\" data-end=\"2863\"><p data-start=\"2827\" data-end=\"2863\">sprostowania (poprawienia) danych,<\/p><\/li><li data-start=\"2864\" data-end=\"2916\"><p data-start=\"2866\" data-end=\"2916\">usuni\u0119cia danych (\u201eprawo do bycia zapomnianym\u201d),<\/p><\/li><li data-start=\"2917\" data-end=\"2955\"><p data-start=\"2919\" data-end=\"2955\">ograniczenia przetwarzania danych,<\/p><\/li><li data-start=\"2956\" data-end=\"2980\"><p data-start=\"2958\" data-end=\"2980\">przenoszenia danych,<\/p><\/li><li data-start=\"2981\" data-end=\"3033\"><p data-start=\"2983\" data-end=\"3033\">wniesienia sprzeciwu wobec przetwarzania danych,<\/p><\/li><li data-start=\"3034\" data-end=\"3106\"><p data-start=\"3036\" data-end=\"3106\">wniesienia skargi do Prezesa Urz\u0119du Ochrony Danych Osobowych (UODO).<\/p><\/li><\/ul><p data-start=\"3108\" data-end=\"3234\">W celu realizacji swoich praw Klient mo\u017ce skontaktowa\u0107 si\u0119 z Administratorem poprzez e-mail: <em><strong data-start=\"3201\" data-end=\"3231\"><a class=\"decorated-link cursor-pointer\" rel=\"noopener\" data-start=\"3203\" data-end=\"3229\">kontakt@1procentproject.pl<\/a><\/strong>.<\/em><\/p><h2 data-start=\"3236\" data-end=\"3275\">\u00a78. Pliki cookies i analiza ruchu<\/h2><ol data-start=\"3276\" data-end=\"3649\"><li data-start=\"3276\" data-end=\"3467\"><p data-start=\"3279\" data-end=\"3321\">Sklep wykorzystuje pliki cookies w celu:<\/p><ul data-start=\"3325\" data-end=\"3467\"><li data-start=\"3325\" data-end=\"3371\"><p data-start=\"3327\" data-end=\"3371\">zapewnienia prawid\u0142owego dzia\u0142ania strony,<\/p><\/li><li data-start=\"3375\" data-end=\"3415\"><p data-start=\"3377\" data-end=\"3415\">zapami\u0119tywania ustawie\u0144 u\u017cytkownika,<\/p><\/li><li data-start=\"3419\" data-end=\"3467\"><p data-start=\"3421\" data-end=\"3467\">analizy ruchu w witrynie (Google Analytics).<\/p><\/li><\/ul><\/li><li data-start=\"3468\" data-end=\"3561\"><p data-start=\"3471\" data-end=\"3561\">Klient mo\u017ce w dowolnym momencie zmieni\u0107 ustawienia plik\u00f3w cookies w swojej przegl\u0105darce.<\/p><\/li><li data-start=\"3562\" data-end=\"3649\"><p data-start=\"3565\" data-end=\"3649\">Korzystanie ze strony bez zmiany ustawie\u0144 cookies oznacza zgod\u0119 na ich stosowanie.<\/p><\/li><\/ol><h2 data-start=\"3651\" data-end=\"3682\">\u00a79. Zabezpieczenie danych<\/h2><p data-start=\"3683\" data-end=\"3919\">Administrator stosuje odpowiednie \u015brodki techniczne i organizacyjne, w tym szyfrowane po\u0142\u0105czenia (SSL), ograniczony dost\u0119p do danych i zabezpieczenia serwera, aby chroni\u0107 dane osobowe Klient\u00f3w przed nieuprawnionym dost\u0119pem lub utrat\u0105.<\/p><h2 data-start=\"3921\" data-end=\"3959\">\u00a710. Dobrowolno\u015b\u0107 podania danych<\/h2><p data-start=\"3960\" data-end=\"4114\">Podanie danych osobowych jest dobrowolne, ale niezb\u0119dne do realizacji zam\u00f3wienia. Brak podania danych uniemo\u017cliwia dokonanie zakupu produkt\u00f3w cyfrowych.<\/p><h2 data-start=\"4116\" data-end=\"4154\">\u00a711. Zmiany Polityki Prywatno\u015bci<\/h2><p data-start=\"4155\" data-end=\"4331\">Administrator zastrzega sobie prawo do wprowadzania zmian w niniejszej Polityce Prywatno\u015bci. Aktualna wersja dokumentu jest zawsze dost\u0119pna na stronie <em><strong data-start=\"4306\" data-end=\"4328\">1procentproject.pl<\/strong><\/em>.<\/p><h2 data-start=\"4333\" data-end=\"4351\">\u00a712. Kontakt<\/h2><p data-start=\"4352\" data-end=\"4533\">W sprawach dotycz\u0105cych danych osobowych prosimy o kontakt:<br data-start=\"4410\" data-end=\"4413\" \/>E-mail: <em><strong>kontakt@1procentproject.pl<\/strong><\/em><br data-start=\"4451\" data-end=\"4454\" \/>Adres: <em><strong data-start=\"4461\" data-end=\"4531\">Olaf Wojciechowski, ul. T. Ko\u015bciuszki 42, 26-220 St\u0105pork\u00f3w, Polska<\/strong><\/em><\/p>\t\t\t\t\t\t\t\t<\/div>\n\t\t\t\t<\/div>\n\t\t\t\t<\/div>\n\t\t","protected":false},"excerpt":{"rendered":"<p>POLITYKA PRYWATNO\u015aCI \u00a71. Wprowadzenie Niniejsza Polityka Prywatno\u015bci opisuje, w jaki spos\u00f3b sklep internetowy 1procentproject.pl przetwarza i chroni dane osobowe Klient\u00f3w. Dokument zosta\u0142 sporz\u0105dzony zgodnie z RODO (Rozporz\u0105dzenie UE 2016\/679) oraz polsk\u0105 ustaw\u0105 o ochronie danych osobowych z dnia 10 maja 2018 r. \u00a72. Administrator Danych Osobowych Administratorem danych osobowych jest:Olaf Wojciechowski, prowadz\u0105cy sprzeda\u017c w ramach [&hellip;]<\/p>\n","protected":false},"author":1,"featured_media":0,"parent":0,"menu_order":0,"comment_status":"closed","ping_status":"open","template":"","meta":{"_glsr_average":0,"_glsr_ranking":0,"_glsr_reviews":0,"footnotes":""},"class_list":["post-3","page","type-page","status-publish","hentry"],"jetpack_sharing_enabled":true,"_links":{"self":[{"href":"https:\/\/1procentproject.pl\/index.php?rest_route=\/wp\/v2\/pages\/3","targetHints":{"allow":["GET"]}}],"collection":[{"href":"https:\/\/1procentproject.pl\/index.php?rest_route=\/wp\/v2\/pages"}],"about":[{"href":"https:\/\/1procentproject.pl\/index.php?rest_route=\/wp\/v2\/types\/page"}],"author":[{"embeddable":true,"href":"https:\/\/1procentproject.pl\/index.php?rest_route=\/wp\/v2\/users\/1"}],"replies":[{"embeddable":true,"href":"https:\/\/1procentproject.pl\/index.php?rest_route=%2Fwp%2Fv2%2Fcomments&post=3"}],"version-history":[{"count":22,"href":"https:\/\/1procentproject.pl\/index.php?rest_route=\/wp\/v2\/pages\/3\/revisions"}],"predecessor-version":[{"id":662,"href":"https:\/\/1procentproject.pl\/index.php?rest_route=\/wp\/v2\/pages\/3\/revisions\/662"}],"wp:attachment":[{"href":"https:\/\/1procentproject.pl\/index.php?rest_route=%2Fwp%2Fv2%2Fmedia&parent=3"}],"curies":[{"name":"wp","href":"https:\/\/api.w.org\/{rel}","templated":true}]}}